{"id":3,"date":"2020-11-16T16:51:26","date_gmt":"2020-11-16T16:51:26","guid":{"rendered":"http:\/\/cpmi.wpengine.com\/?page_id=3"},"modified":"2025-03-11T19:09:10","modified_gmt":"2025-03-11T19:09:10","slug":"privacy-policy","status":"publish","type":"page","link":"https:\/\/cpmiclinical.com\/es\/privacy-policy\/","title":{"rendered":"Pol\u00edtica de privacidad"},"content":{"rendered":"<div data-elementor-type=\"wp-page\" data-elementor-id=\"3\" class=\"elementor elementor-3\" data-elementor-post-type=\"page\">\n\t\t\t\t\t\t<section class=\"elementor-section elementor-top-section elementor-element elementor-element-1b6324e7 elementor-section-boxed elementor-section-height-default elementor-section-height-default\" data-id=\"1b6324e7\" data-element_type=\"section\" data-e-type=\"section\">\n\t\t\t\t\t\t<div class=\"elementor-container elementor-column-gap-default\">\n\t\t\t\t\t<div class=\"elementor-column elementor-col-100 elementor-top-column elementor-element elementor-element-38f7e79f\" data-id=\"38f7e79f\" data-element_type=\"column\" data-e-type=\"column\">\n\t\t\t<div class=\"elementor-widget-wrap elementor-element-populated\">\n\t\t\t\t\t\t<div class=\"elementor-element elementor-element-233409c7 elementor-widget elementor-widget-text-editor\" data-id=\"233409c7\" data-element_type=\"widget\" data-e-type=\"widget\" data-widget_type=\"text-editor.default\">\n\t\t\t\t\t\t\t\t\t\n<p>Proteger su informaci\u00f3n privada es nuestra prioridad. Esta declaraci\u00f3n de privacidad se aplica a <a href=\"http:\/\/clinicalpharmacologyofmiami.com\/\"><strong>Clinicalpharmacologyofmiami.com<\/strong><\/a> y <strong>Farmacolog\u00eda cl\u00ednica de Miami (CPMI) <\/strong>y rige la recopilaci\u00f3n y el uso de datos. A los efectos de esta Pol\u00edtica de privacidad, a menos que se indique lo contrario, todas las referencias a <strong>CPMI<\/strong> incluir <a href=\"http:\/\/clinicalpharmacologyofmiami.com\/\"><strong>Clinicalpharmacologyofmiami.com<\/strong><\/a>. los <strong>CPMI<\/strong> El sitio web es un sitio de agencia de comunicaciones digitales de servicio completo. Usando el <strong>CPMI<\/strong> sitio web, usted acepta las pr\u00e1cticas de datos descritas en esta declaraci\u00f3n.<\/p>\n\n<p><strong>Recopilaci\u00f3n de su informaci\u00f3n personal<\/strong><\/p>\n\n<p>Con el fin de brindarle mejor los productos y servicios ofrecidos en nuestro Sitio, <strong>CPMI<\/strong> puede recopilar informaci\u00f3n de identificaci\u00f3n personal, como su:<\/p>\n\n<ul class=\"wp-block-list\">\n<li>Nombre y apellido<\/li>\n<li>Direcci\u00f3n de correo electr\u00f3nico<\/li>\n<li>Empleador<\/li>\n<\/ul>\n\n<p>No recopilamos ninguna informaci\u00f3n personal sobre usted a menos que nos la proporcione voluntariamente. Sin embargo, es posible que se le solicite que nos proporcione cierta informaci\u00f3n personal cuando elija utilizar ciertos productos o servicios disponibles en el Sitio. Estos pueden incluir: (a) registrarse para obtener una cuenta en nuestro Sitio; (b) participar en un sorteo o concurso patrocinado por nosotros o uno de nuestros socios; (c) suscribirse a ofertas especiales de terceros seleccionados; (d) envi\u00e1ndonos un mensaje de correo electr\u00f3nico; (e) enviar su tarjeta de cr\u00e9dito u otra informaci\u00f3n de pago al ordenar y comprar productos y servicios en nuestro Sitio. A saber, utilizaremos su informaci\u00f3n para, entre otros, comunicarnos con usted en relaci\u00f3n con los servicios y \/ o productos que nos haya solicitado. Tambi\u00e9n podemos recopilar informaci\u00f3n adicional personal o no personal en el futuro.<\/p>\n\n<p><strong>Uso de su informaci\u00f3n personal<\/strong><\/p>\n\n<p><strong>CPMI<\/strong> recopila y utiliza su informaci\u00f3n personal para operar sus sitios web y brindar los servicios que ha solicitado.<\/p>\n\n<p><strong>CPMI<\/strong> tambi\u00e9n puede utilizar su informaci\u00f3n de identificaci\u00f3n personal para informarle sobre otros productos o servicios disponibles en <strong>CPMI<\/strong> y sus afiliados.<\/p>\n\n<p><strong>Compartir informaci\u00f3n con terceros<\/strong><\/p>\n\n<p><strong>CPMI<\/strong> no vende, alquila ni cede sus listas de clientes a terceros.<\/p>\n\n<p><strong>CPMI<\/strong> puede compartir datos con socios confiables para ayudar a realizar an\u00e1lisis estad\u00edsticos, enviarle correo electr\u00f3nico o correo postal, brindar soporte al cliente u organizar las entregas. Todos estos terceros tienen prohibido usar su informaci\u00f3n personal, excepto para proporcionar estos servicios a Lumentus, y est\u00e1n obligados a mantener la confidencialidad de su informaci\u00f3n.<\/p>\n\n<p><strong>CPMI<\/strong> puede divulgar su informaci\u00f3n personal, sin previo aviso, si as\u00ed lo requiere la ley o si cree de buena fe que dicha acci\u00f3n es necesaria para: (a) cumplir con los edictos de la ley o cumplir con el proceso legal presentado en <strong>CPMI<\/strong> o el sitio; (b) proteger y defender los derechos o propiedad de Lumentus; y \/ o (c) actuar de acuerdo con circunstancias exigentes para proteger la seguridad personal de los usuarios de Lumentus o del p\u00fablico.<\/p>\n\n<p><strong>Informaci\u00f3n recopilada autom\u00e1ticamente<\/strong><\/p>\n\n<p>Lumentus puede recopilar autom\u00e1ticamente informaci\u00f3n sobre el hardware y el software de su computadora. Esta informaci\u00f3n puede incluir: su direcci\u00f3n IP, tipo de navegador, nombres de dominio, tiempos de acceso y direcciones de sitios web de referencia. Esta informaci\u00f3n se utiliza para el funcionamiento del servicio, para mantener la calidad del servicio y para proporcionar estad\u00edsticas generales sobre el uso del <strong>CPMI<\/strong> sitio web.<\/p>\n\n<p><strong>Enlaces<\/strong><\/p>\n\n<p>Este sitio web contiene enlaces a otros sitios. Tenga en cuenta que no somos responsables del contenido o las pr\u00e1cticas de privacidad de esos otros sitios. Alentamos a nuestros usuarios a estar atentos cuando abandonan nuestro sitio y a leer las declaraciones de privacidad de cualquier otro sitio que recopile informaci\u00f3n de identificaci\u00f3n personal.<\/p>\n\n<p><strong>Ni\u00f1os menores de trece<\/strong><\/p>\n\n<p><strong>CPMI<\/strong> no recopila a sabiendas informaci\u00f3n de identificaci\u00f3n personal de ni\u00f1os menores de trece a\u00f1os. Si es menor de trece a\u00f1os, debe pedir permiso a sus padres o tutores para utilizar este sitio web.<\/p>\n\n<p><strong>Comunicaciones por correo electr\u00f3nico<\/strong><\/p>\n\n<p>De vez en cuando, <strong>CPMI<\/strong> puede contactarlo por correo electr\u00f3nico con el fin de proporcionar anuncios, ofertas promocionales, alertas, confirmaciones, encuestas y \/ u otra comunicaci\u00f3n general.<\/p>\n\n<p><strong>Cambios a esta declaraci\u00f3n<\/strong><\/p>\n\n<p><strong>CPMI<\/strong> se reserva el derecho de cambiar esta Pol\u00edtica de privacidad de vez en cuando. Le notificaremos sobre cambios significativos en la forma en que tratamos la informaci\u00f3n personal enviando un aviso a la direcci\u00f3n de correo electr\u00f3nico principal especificada en su cuenta, colocando un aviso destacado en nuestro sitio y \/ o actualizando cualquier informaci\u00f3n de privacidad en esta p\u00e1gina. Su uso continuado del Sitio y \/ o los Servicios disponibles a trav\u00e9s de este Sitio despu\u00e9s de tales modificaciones constituir\u00e1 su: (a) reconocimiento de la Pol\u00edtica de Privacidad modificada; y (b) el acuerdo de cumplir y estar obligado por esa Pol\u00edtica.<\/p>\n\n<p><strong>Informaci\u00f3n del contacto<\/strong><\/p>\n\n<p><strong>CPMI<\/strong> agradece sus preguntas o comentarios con respecto a esta Declaraci\u00f3n de privacidad. Si tu crees eso <strong>CPMI<\/strong> no se ha adherido a esta Declaraci\u00f3n, comun\u00edquese con <strong>CPMI<\/strong> a:<\/p>\n\n<p><strong>Clinical Pharmacology of Miami<\/strong><br \/><a href=\"https:\/\/www.google.com\/maps\/place\/700+NW+107th+Ave,+Miami,+FL+33172\/@25.7769483,-80.3704398,16z\/data=!4m6!3m5!1s0x88d9bed39177eae7:0x4c62b28b25fa5fb0!8m2!3d25.7769483!4d-80.3704398!16s%2Fg%2F11c5jpllcn?entry=ttu&amp;g_ep=EgoyMDI1MDMwNC4wIKXMDSoASAFQAw%3D%3D\" target=\"_blank\" rel=\"noreferrer noopener\">700 NW 107th Ave, Miami, FL 33172<\/a><\/p>\n<p><strong>Direcci\u00f3n de correo electr\u00f3nico:<br \/><\/strong>info@ErgClinical.com<\/p>\n\n<p><strong>N\u00famero de tel\u00e9fono:<br \/><\/strong>305.817.2900<\/p>\n\n<p>Efectivo a partir del 03 de abril de 2019<\/p>\n\t\t\t\t\t\t\t\t<\/div>\n\t\t\t\t\t<\/div>\n\t\t<\/div>\n\t\t\t\t\t<\/div>\n\t\t<\/section>\n\t\t\t\t<\/div>","protected":false},"excerpt":{"rendered":"<p>Proteger su informaci\u00f3n privada es nuestra prioridad. Esta Declaraci\u00f3n de privacidad se aplica amedicalpharmacologyofmiami.com y Clinical Pharmacology of Miami (CPMI) y rige la recopilaci\u00f3n y el uso de datos. A los efectos de esta Pol\u00edtica de privacidad, a menos que se indique lo contrario, todas las referencias a CPMI incluyen Clinicalpharmacologyofmiami.com. El sitio web de CPMI es un sitio de agencia de comunicaciones digitales de servicio completo. Mediante el uso \u2026 <\/p>\n<p class=\"read-more-container\"><a title=\"Pol\u00edtica de privacidad\" class=\"read-more button\" href=\"https:\/\/cpmiclinical.com\/es\/privacy-policy\/#more-3\" aria-label=\"Leer m\u00e1s sobre Pol\u00edtica de Privacidad\">Lee mas<\/a><\/p>","protected":false},"author":1,"featured_media":0,"parent":0,"menu_order":0,"comment_status":"closed","ping_status":"open","template":"","meta":{"footnotes":""},"class_list":["post-3","page","type-page","status-publish"],"yoast_head":"<!-- This site is optimized with the Yoast SEO plugin v27.5 - https:\/\/yoast.com\/product\/yoast-seo-wordpress\/ -->\n<title>Privacy Policy | Clinical Pharmacology of Miami in Hialeah, Florida<\/title>\n<meta name=\"description\" content=\"This privacy policy describes how we collect and use the information you provide to us. Reach out to us to find more about clinical trials.\" \/>\n<meta name=\"robots\" content=\"index, follow, max-snippet:-1, max-image-preview:large, max-video-preview:-1\" \/>\n<link rel=\"canonical\" href=\"https:\/\/cpmiclinical.com\/es\/privacy-policy\/\" \/>\n<meta property=\"og:locale\" content=\"es_MX\" \/>\n<meta property=\"og:type\" content=\"article\" \/>\n<meta property=\"og:title\" content=\"Privacy Policy | Clinical Pharmacology of Miami in Hialeah, Florida\" \/>\n<meta property=\"og:description\" content=\"This privacy policy describes how we collect and use the information you provide to us. Reach out to us to find more about clinical trials.\" \/>\n<meta property=\"og:url\" content=\"https:\/\/cpmiclinical.com\/es\/privacy-policy\/\" \/>\n<meta property=\"og:site_name\" content=\"Clinical Pharmacology of Miami\" \/>\n<meta property=\"article:modified_time\" content=\"2025-03-11T19:09:10+00:00\" \/>\n<meta name=\"twitter:card\" content=\"summary_large_image\" \/>\n<meta name=\"twitter:label1\" content=\"Tiempo de lectura\" \/>\n\t<meta name=\"twitter:data1\" content=\"4 minutos\" \/>\n<script type=\"application\/ld+json\" class=\"yoast-schema-graph\">{\"@context\":\"https:\\\/\\\/schema.org\",\"@graph\":[{\"@type\":\"WebPage\",\"@id\":\"https:\\\/\\\/cpmiclinical.com\\\/privacy-policy\\\/\",\"url\":\"https:\\\/\\\/cpmiclinical.com\\\/privacy-policy\\\/\",\"name\":\"Privacy Policy | Clinical Pharmacology of Miami in Hialeah, Florida\",\"isPartOf\":{\"@id\":\"https:\\\/\\\/cpmiclinical.com\\\/#website\"},\"datePublished\":\"2020-11-16T16:51:26+00:00\",\"dateModified\":\"2025-03-11T19:09:10+00:00\",\"description\":\"This privacy policy describes how we collect and use the information you provide to us. Reach out to us to find more about clinical trials.\",\"breadcrumb\":{\"@id\":\"https:\\\/\\\/cpmiclinical.com\\\/privacy-policy\\\/#breadcrumb\"},\"inLanguage\":\"es\",\"potentialAction\":[{\"@type\":\"ReadAction\",\"target\":[\"https:\\\/\\\/cpmiclinical.com\\\/privacy-policy\\\/\"]}]},{\"@type\":\"BreadcrumbList\",\"@id\":\"https:\\\/\\\/cpmiclinical.com\\\/privacy-policy\\\/#breadcrumb\",\"itemListElement\":[{\"@type\":\"ListItem\",\"position\":1,\"name\":\"Home\",\"item\":\"https:\\\/\\\/cpmiclinical.com\\\/\"},{\"@type\":\"ListItem\",\"position\":2,\"name\":\"Privacy Policy\"}]},{\"@type\":\"WebSite\",\"@id\":\"https:\\\/\\\/cpmiclinical.com\\\/#website\",\"url\":\"https:\\\/\\\/cpmiclinical.com\\\/\",\"name\":\"Clinical Pharmacology of Miami\",\"description\":\"Clinical research in Miami \\\/ Hialeah, FL\",\"publisher\":{\"@id\":\"https:\\\/\\\/cpmiclinical.com\\\/#organization\"},\"potentialAction\":[{\"@type\":\"SearchAction\",\"target\":{\"@type\":\"EntryPoint\",\"urlTemplate\":\"https:\\\/\\\/cpmiclinical.com\\\/?s={search_term_string}\"},\"query-input\":{\"@type\":\"PropertyValueSpecification\",\"valueRequired\":true,\"valueName\":\"search_term_string\"}}],\"inLanguage\":\"es\"},{\"@type\":\"Organization\",\"@id\":\"https:\\\/\\\/cpmiclinical.com\\\/#organization\",\"name\":\"Clinical Pharmacology of Miami\",\"url\":\"https:\\\/\\\/cpmiclinical.com\\\/\",\"logo\":{\"@type\":\"ImageObject\",\"inLanguage\":\"es\",\"@id\":\"https:\\\/\\\/cpmiclinical.com\\\/#\\\/schema\\\/logo\\\/image\\\/\",\"url\":\"https:\\\/\\\/cpmiclinical.com\\\/wp-content\\\/uploads\\\/2026\\\/02\\\/CPMI-Blue-Logo-copy.webp\",\"contentUrl\":\"https:\\\/\\\/cpmiclinical.com\\\/wp-content\\\/uploads\\\/2026\\\/02\\\/CPMI-Blue-Logo-copy.webp\",\"width\":150,\"height\":134,\"caption\":\"Clinical Pharmacology of Miami\"},\"image\":{\"@id\":\"https:\\\/\\\/cpmiclinical.com\\\/#\\\/schema\\\/logo\\\/image\\\/\"}}]}<\/script>\n<!-- \/ Yoast SEO plugin. -->","yoast_head_json":{"title":"Pol\u00edtica de privacidad | Farmacolog\u00eda Cl\u00ednica de Miami en Hialeah, Florida","description":"Esta pol\u00edtica de privacidad describe c\u00f3mo recopilamos y utilizamos la informaci\u00f3n que nos proporciona. Cont\u00e1ctenos para obtener m\u00e1s informaci\u00f3n sobre ensayos cl\u00ednicos.","robots":{"index":"index","follow":"follow","max-snippet":"max-snippet:-1","max-image-preview":"max-image-preview:large","max-video-preview":"max-video-preview:-1"},"canonical":"https:\/\/cpmiclinical.com\/es\/privacy-policy\/","og_locale":"es_MX","og_type":"article","og_title":"Privacy Policy | Clinical Pharmacology of Miami in Hialeah, Florida","og_description":"This privacy policy describes how we collect and use the information you provide to us. Reach out to us to find more about clinical trials.","og_url":"https:\/\/cpmiclinical.com\/es\/privacy-policy\/","og_site_name":"Clinical Pharmacology of Miami","article_modified_time":"2025-03-11T19:09:10+00:00","twitter_card":"summary_large_image","twitter_misc":{"Tiempo de lectura":"4 minutos"},"schema":{"@context":"https:\/\/schema.org","@graph":[{"@type":"WebPage","@id":"https:\/\/cpmiclinical.com\/privacy-policy\/","url":"https:\/\/cpmiclinical.com\/privacy-policy\/","name":"Pol\u00edtica de privacidad | Farmacolog\u00eda Cl\u00ednica de Miami en Hialeah, Florida","isPartOf":{"@id":"https:\/\/cpmiclinical.com\/#website"},"datePublished":"2020-11-16T16:51:26+00:00","dateModified":"2025-03-11T19:09:10+00:00","description":"Esta pol\u00edtica de privacidad describe c\u00f3mo recopilamos y utilizamos la informaci\u00f3n que nos proporciona. Cont\u00e1ctenos para obtener m\u00e1s informaci\u00f3n sobre ensayos cl\u00ednicos.","breadcrumb":{"@id":"https:\/\/cpmiclinical.com\/privacy-policy\/#breadcrumb"},"inLanguage":"es","potentialAction":[{"@type":"ReadAction","target":["https:\/\/cpmiclinical.com\/privacy-policy\/"]}]},{"@type":"BreadcrumbList","@id":"https:\/\/cpmiclinical.com\/privacy-policy\/#breadcrumb","itemListElement":[{"@type":"ListItem","position":1,"name":"Home","item":"https:\/\/cpmiclinical.com\/"},{"@type":"ListItem","position":2,"name":"Privacy Policy"}]},{"@type":"WebSite","@id":"https:\/\/cpmiclinical.com\/#website","url":"https:\/\/cpmiclinical.com\/","name":"Clinical Pharmacology of Miami","description":"Investigaci\u00f3n cl\u00ednica en Miami \/ Hialeah, FL","publisher":{"@id":"https:\/\/cpmiclinical.com\/#organization"},"potentialAction":[{"@type":"SearchAction","target":{"@type":"EntryPoint","urlTemplate":"https:\/\/cpmiclinical.com\/?s={search_term_string}"},"query-input":{"@type":"PropertyValueSpecification","valueRequired":true,"valueName":"search_term_string"}}],"inLanguage":"es"},{"@type":"Organization","@id":"https:\/\/cpmiclinical.com\/#organization","name":"Clinical Pharmacology of Miami","url":"https:\/\/cpmiclinical.com\/","logo":{"@type":"ImageObject","inLanguage":"es","@id":"https:\/\/cpmiclinical.com\/#\/schema\/logo\/image\/","url":"https:\/\/cpmiclinical.com\/wp-content\/uploads\/2026\/02\/CPMI-Blue-Logo-copy.webp","contentUrl":"https:\/\/cpmiclinical.com\/wp-content\/uploads\/2026\/02\/CPMI-Blue-Logo-copy.webp","width":150,"height":134,"caption":"Clinical Pharmacology of Miami"},"image":{"@id":"https:\/\/cpmiclinical.com\/#\/schema\/logo\/image\/"}}]}},"_links":{"self":[{"href":"https:\/\/cpmiclinical.com\/es\/wp-json\/wp\/v2\/pages\/3","targetHints":{"allow":["GET"]}}],"collection":[{"href":"https:\/\/cpmiclinical.com\/es\/wp-json\/wp\/v2\/pages"}],"about":[{"href":"https:\/\/cpmiclinical.com\/es\/wp-json\/wp\/v2\/types\/page"}],"author":[{"embeddable":true,"href":"https:\/\/cpmiclinical.com\/es\/wp-json\/wp\/v2\/users\/1"}],"replies":[{"embeddable":true,"href":"https:\/\/cpmiclinical.com\/es\/wp-json\/wp\/v2\/comments?post=3"}],"version-history":[{"count":0,"href":"https:\/\/cpmiclinical.com\/es\/wp-json\/wp\/v2\/pages\/3\/revisions"}],"wp:attachment":[{"href":"https:\/\/cpmiclinical.com\/es\/wp-json\/wp\/v2\/media?parent=3"}],"curies":[{"name":"gracias","href":"https:\/\/api.w.org\/{rel}","templated":true}]}}