{"id":87,"date":"2020-11-18T19:39:07","date_gmt":"2020-11-18T19:39:07","guid":{"rendered":"http:\/\/cpmi.wpengine.com\/?page_id=87"},"modified":"2021-06-24T19:35:18","modified_gmt":"2021-06-24T19:35:18","slug":"stacy-dilzer-rn-ccrc","status":"publish","type":"page","link":"https:\/\/cpmiclinical.com\/es\/about\/our-research-team-in-miami\/stacy-dilzer-rn-ccrc\/","title":{"rendered":"Stacy Dilzer, enfermera titulada, CCRC"},"content":{"rendered":"<div data-elementor-type=\"wp-page\" data-elementor-id=\"87\" class=\"elementor elementor-87\" data-elementor-post-type=\"page\">\n\t\t\t\t\t\t<section class=\"elementor-section elementor-top-section elementor-element elementor-element-6099d02 elementor-section-boxed elementor-section-height-default elementor-section-height-default\" data-id=\"6099d02\" data-element_type=\"section\" data-e-type=\"section\">\n\t\t\t\t\t\t<div class=\"elementor-container elementor-column-gap-wider\">\n\t\t\t\t\t<div class=\"elementor-column elementor-col-33 elementor-top-column elementor-element elementor-element-a5ef42a\" data-id=\"a5ef42a\" data-element_type=\"column\" data-e-type=\"column\">\n\t\t\t<div class=\"elementor-widget-wrap elementor-element-populated\">\n\t\t\t\t\t\t<div class=\"elementor-element elementor-element-0421c58 elementor-widget elementor-widget-image\" data-id=\"0421c58\" data-element_type=\"widget\" data-e-type=\"widget\" data-widget_type=\"image.default\">\n\t\t\t\t\t\t\t\t\t\t\t\t<figure class=\"wp-caption\">\n\t\t\t\t\t\t\t\t\t\t<img fetchpriority=\"high\" decoding=\"async\" width=\"600\" height=\"800\" src=\"https:\/\/cpmiclinical.com\/wp-content\/uploads\/2021\/02\/Stacy-Dilzer-RN-CCRC.jpg\" class=\"attachment-medium_large size-medium_large wp-image-298\" alt=\"Stacy Dilzer, RN, CCRC - Founder \/ Scientific Advisor\u200b\u200b - CPMI - Clinical Pharmacology of Miami - Part of the ERG Network\" srcset=\"https:\/\/cpmiclinical.com\/wp-content\/uploads\/2021\/02\/Stacy-Dilzer-RN-CCRC.jpg 600w, https:\/\/cpmiclinical.com\/wp-content\/uploads\/2021\/02\/Stacy-Dilzer-RN-CCRC-225x300.jpg 225w, https:\/\/cpmiclinical.com\/wp-content\/uploads\/2021\/02\/Stacy-Dilzer-RN-CCRC-9x12.jpg 9w\" sizes=\"(max-width: 600px) 100vw, 600px\" \/>\t\t\t\t\t\t\t\t\t\t\t<figcaption class=\"widget-image-caption wp-caption-text\">Stacy Dilzer, enfermera titulada, CCRC<\/figcaption>\n\t\t\t\t\t\t\t\t\t\t<\/figure>\n\t\t\t\t\t\t\t\t\t<\/div>\n\t\t\t\t\t<\/div>\n\t\t<\/div>\n\t\t\t\t<div class=\"elementor-column elementor-col-66 elementor-top-column elementor-element elementor-element-b3601e2\" data-id=\"b3601e2\" data-element_type=\"column\" data-e-type=\"column\">\n\t\t\t<div class=\"elementor-widget-wrap elementor-element-populated\">\n\t\t\t\t\t\t<div class=\"elementor-element elementor-element-05e0756 elementor-widget elementor-widget-heading\" data-id=\"05e0756\" data-element_type=\"widget\" data-e-type=\"widget\" data-widget_type=\"heading.default\">\n\t\t\t\t\t<h1 class=\"elementor-heading-title elementor-size-default\">Stacy Dilzer, enfermera titulada, CCRC<\/h1>\t\t\t\t<\/div>\n\t\t\t\t<div class=\"elementor-element elementor-element-9d6f025 elementor-widget elementor-widget-heading\" data-id=\"9d6f025\" data-element_type=\"widget\" data-e-type=\"widget\" data-widget_type=\"heading.default\">\n\t\t\t\t\t<h2 class=\"elementor-heading-title elementor-size-default\">Renal y hep\u00e1tico<\/h2>\t\t\t\t<\/div>\n\t\t\t\t<div class=\"elementor-element elementor-element-d3a7c89 elementor-widget elementor-widget-text-editor\" data-id=\"d3a7c89\" data-element_type=\"widget\" data-e-type=\"widget\" data-widget_type=\"text-editor.default\">\n\t\t\t\t\t\t\t\t\t<ul>\n \t<li>Presidente, Farmacolog\u00eda Cl\u00ednica de Miami<\/li>\n \t<li>L\u00edder operativo buscado en la ejecuci\u00f3n de la fase inicial y el dise\u00f1o de estudios para ensayos de voluntarios sanos<\/li>\n \t<li>Experto de la industria en la gesti\u00f3n y operaci\u00f3n de 100s de Fase I-IV <a href=\"https:\/\/cpmiclinical.com\/es\/studies\/#!\/\">ensayos cl\u00ednicos<\/a><\/li>\n \t<li>Amplia carrera como coordinador de estudios, gerente de proyectos, director de operaciones cl\u00ednicas, director de cumplimiento y vicepresidente de operaciones cl\u00ednicas.<\/li>\n \t<li>Fue coautor de numerosos art\u00edculos relacionados con la farmacolog\u00eda cl\u00ednica.<\/li>\n \t<li>Tiene una licenciatura en enfermer\u00eda de <a href=\"https:\/\/www.fiu.edu\/\" target=\"_blank\">Universidad Internacional de Florida<\/a><\/li>\n \t<li>Enfermera profesional registrada<\/li>\n<\/ul>\t\t\t\t\t\t\t\t<\/div>\n\t\t\t\t\t<\/div>\n\t\t<\/div>\n\t\t\t\t\t<\/div>\n\t\t<\/section>\n\t\t\t\t<\/div>","protected":false},"excerpt":{"rendered":"<p>Presidente Renal y Hep\u00e1tico, Farmacolog\u00eda Cl\u00ednica de Miami L\u00edder operativo buscado en la ejecuci\u00f3n de la fase temprana y el dise\u00f1o de estudios para ensayos de voluntarios sanos Experto de la industria en el manejo y operaci\u00f3n de cientos de ensayos cl\u00ednicos de Fase I-IV Amplia carrera como coordinador de estudios, proyectos gerente, Director de Operaciones Cl\u00ednicas, Director de Cumplimiento y Vicepresidente de Cl\u00ednica\u2026 <\/p>\n<p class=\"read-more-container\"><a title=\"Stacy Dilzer, enfermera titulada, CCRC\" class=\"read-more button\" href=\"https:\/\/cpmiclinical.com\/es\/about\/our-research-team-in-miami\/stacy-dilzer-rn-ccrc\/#more-87\" aria-label=\"Leer m\u00e1s sobre Stacy Dilzer, RN, CCRC\u200b\">Lee mas<\/a><\/p>","protected":false},"author":1,"featured_media":0,"parent":17,"menu_order":0,"comment_status":"closed","ping_status":"closed","template":"","meta":{"footnotes":""},"class_list":["post-87","page","type-page","status-publish"],"yoast_head":"<!-- This site is optimized with the Yoast SEO plugin v27.4 - https:\/\/yoast.com\/product\/yoast-seo-wordpress\/ -->\n<title>Stacy Dilzer | Clinical Pharmacology of Miami | Clinical trials in Hialeah, FL<\/title>\n<meta name=\"description\" content=\"Stacy Dilzer - Find out more information about Stacy Dilzer, President at Clinical Pharmacology of Miami, located in Hialeah, Florida.\" \/>\n<meta name=\"robots\" content=\"index, follow, max-snippet:-1, max-image-preview:large, max-video-preview:-1\" \/>\n<link rel=\"canonical\" href=\"https:\/\/cpmiclinical.com\/es\/about\/our-research-team-in-miami\/stacy-dilzer-rn-ccrc\/\" \/>\n<meta property=\"og:locale\" content=\"es_MX\" \/>\n<meta property=\"og:type\" content=\"article\" \/>\n<meta property=\"og:title\" content=\"Stacy Dilzer | Clinical Pharmacology of Miami | Clinical trials in Hialeah, FL\" \/>\n<meta property=\"og:description\" content=\"Stacy Dilzer - Find out more information about Stacy Dilzer, President at Clinical Pharmacology of Miami, located in Hialeah, Florida.\" \/>\n<meta property=\"og:url\" content=\"https:\/\/cpmiclinical.com\/es\/about\/our-research-team-in-miami\/stacy-dilzer-rn-ccrc\/\" \/>\n<meta property=\"og:site_name\" content=\"Clinical Pharmacology of Miami\" \/>\n<meta property=\"article:modified_time\" content=\"2021-06-24T19:35:18+00:00\" \/>\n<meta property=\"og:image\" content=\"https:\/\/cpmiclinical.com\/wp-content\/uploads\/2021\/02\/Stacy-Dilzer-RN-CCRC.jpg\" \/>\n<meta name=\"twitter:card\" content=\"summary_large_image\" \/>\n<meta name=\"twitter:label1\" content=\"Tiempo de lectura\" \/>\n\t<meta name=\"twitter:data1\" content=\"1 minuto\" \/>\n<script type=\"application\/ld+json\" class=\"yoast-schema-graph\">{\"@context\":\"https:\\\/\\\/schema.org\",\"@graph\":[{\"@type\":\"WebPage\",\"@id\":\"https:\\\/\\\/cpmiclinical.com\\\/about\\\/our-research-team-in-miami\\\/stacy-dilzer-rn-ccrc\\\/\",\"url\":\"https:\\\/\\\/cpmiclinical.com\\\/about\\\/our-research-team-in-miami\\\/stacy-dilzer-rn-ccrc\\\/\",\"name\":\"Stacy Dilzer | Clinical Pharmacology of Miami | Clinical trials in Hialeah, FL\",\"isPartOf\":{\"@id\":\"https:\\\/\\\/cpmiclinical.com\\\/#website\"},\"primaryImageOfPage\":{\"@id\":\"https:\\\/\\\/cpmiclinical.com\\\/about\\\/our-research-team-in-miami\\\/stacy-dilzer-rn-ccrc\\\/#primaryimage\"},\"image\":{\"@id\":\"https:\\\/\\\/cpmiclinical.com\\\/about\\\/our-research-team-in-miami\\\/stacy-dilzer-rn-ccrc\\\/#primaryimage\"},\"thumbnailUrl\":\"https:\\\/\\\/cpmiclinical.com\\\/wp-content\\\/uploads\\\/2021\\\/02\\\/Stacy-Dilzer-RN-CCRC.jpg\",\"datePublished\":\"2020-11-18T19:39:07+00:00\",\"dateModified\":\"2021-06-24T19:35:18+00:00\",\"description\":\"Stacy Dilzer - Find out more information about Stacy Dilzer, President at Clinical Pharmacology of Miami, located in Hialeah, Florida.\",\"breadcrumb\":{\"@id\":\"https:\\\/\\\/cpmiclinical.com\\\/about\\\/our-research-team-in-miami\\\/stacy-dilzer-rn-ccrc\\\/#breadcrumb\"},\"inLanguage\":\"es\",\"potentialAction\":[{\"@type\":\"ReadAction\",\"target\":[\"https:\\\/\\\/cpmiclinical.com\\\/about\\\/our-research-team-in-miami\\\/stacy-dilzer-rn-ccrc\\\/\"]}]},{\"@type\":\"ImageObject\",\"inLanguage\":\"es\",\"@id\":\"https:\\\/\\\/cpmiclinical.com\\\/about\\\/our-research-team-in-miami\\\/stacy-dilzer-rn-ccrc\\\/#primaryimage\",\"url\":\"https:\\\/\\\/cpmiclinical.com\\\/wp-content\\\/uploads\\\/2021\\\/02\\\/Stacy-Dilzer-RN-CCRC.jpg\",\"contentUrl\":\"https:\\\/\\\/cpmiclinical.com\\\/wp-content\\\/uploads\\\/2021\\\/02\\\/Stacy-Dilzer-RN-CCRC.jpg\"},{\"@type\":\"BreadcrumbList\",\"@id\":\"https:\\\/\\\/cpmiclinical.com\\\/about\\\/our-research-team-in-miami\\\/stacy-dilzer-rn-ccrc\\\/#breadcrumb\",\"itemListElement\":[{\"@type\":\"ListItem\",\"position\":1,\"name\":\"Home\",\"item\":\"https:\\\/\\\/cpmiclinical.com\\\/\"},{\"@type\":\"ListItem\",\"position\":2,\"name\":\"About Clinical Pharmacology of Miami\",\"item\":\"https:\\\/\\\/cpmiclinical.com\\\/about\\\/\"},{\"@type\":\"ListItem\",\"position\":3,\"name\":\"Our Team\",\"item\":\"https:\\\/\\\/cpmiclinical.com\\\/about\\\/our-research-team-in-miami\\\/\"},{\"@type\":\"ListItem\",\"position\":4,\"name\":\"Stacy Dilzer, RN, CCRC\u200b\"}]},{\"@type\":\"WebSite\",\"@id\":\"https:\\\/\\\/cpmiclinical.com\\\/#website\",\"url\":\"https:\\\/\\\/cpmiclinical.com\\\/\",\"name\":\"Clinical Pharmacology of Miami\",\"description\":\"Clinical research in Miami \\\/ Hialeah, FL\",\"publisher\":{\"@id\":\"https:\\\/\\\/cpmiclinical.com\\\/#organization\"},\"potentialAction\":[{\"@type\":\"SearchAction\",\"target\":{\"@type\":\"EntryPoint\",\"urlTemplate\":\"https:\\\/\\\/cpmiclinical.com\\\/?s={search_term_string}\"},\"query-input\":{\"@type\":\"PropertyValueSpecification\",\"valueRequired\":true,\"valueName\":\"search_term_string\"}}],\"inLanguage\":\"es\"},{\"@type\":\"Organization\",\"@id\":\"https:\\\/\\\/cpmiclinical.com\\\/#organization\",\"name\":\"Clinical Pharmacology of Miami\",\"url\":\"https:\\\/\\\/cpmiclinical.com\\\/\",\"logo\":{\"@type\":\"ImageObject\",\"inLanguage\":\"es\",\"@id\":\"https:\\\/\\\/cpmiclinical.com\\\/#\\\/schema\\\/logo\\\/image\\\/\",\"url\":\"https:\\\/\\\/cpmiclinical.com\\\/wp-content\\\/uploads\\\/2026\\\/02\\\/CPMI-Blue-Logo-copy.webp\",\"contentUrl\":\"https:\\\/\\\/cpmiclinical.com\\\/wp-content\\\/uploads\\\/2026\\\/02\\\/CPMI-Blue-Logo-copy.webp\",\"width\":150,\"height\":134,\"caption\":\"Clinical Pharmacology of Miami\"},\"image\":{\"@id\":\"https:\\\/\\\/cpmiclinical.com\\\/#\\\/schema\\\/logo\\\/image\\\/\"}}]}<\/script>\n<!-- \/ Yoast SEO plugin. -->","yoast_head_json":{"title":"Stacy Dilzer | Farmacolog\u00eda Cl\u00ednica de Miami | Ensayos cl\u00ednicos en Hialeah, Florida","description":"Stacy Dilzer - Descubra m\u00e1s informaci\u00f3n sobre Stacy Dilzer, presidenta de Clinical Pharmacology of Miami, ubicada en Hialeah, Florida.","robots":{"index":"index","follow":"follow","max-snippet":"max-snippet:-1","max-image-preview":"max-image-preview:large","max-video-preview":"max-video-preview:-1"},"canonical":"https:\/\/cpmiclinical.com\/es\/about\/our-research-team-in-miami\/stacy-dilzer-rn-ccrc\/","og_locale":"es_MX","og_type":"article","og_title":"Stacy Dilzer | Clinical Pharmacology of Miami | Clinical trials in Hialeah, FL","og_description":"Stacy Dilzer - Find out more information about Stacy Dilzer, President at Clinical Pharmacology of Miami, located in Hialeah, Florida.","og_url":"https:\/\/cpmiclinical.com\/es\/about\/our-research-team-in-miami\/stacy-dilzer-rn-ccrc\/","og_site_name":"Clinical Pharmacology of Miami","article_modified_time":"2021-06-24T19:35:18+00:00","og_image":[{"url":"https:\/\/cpmiclinical.com\/wp-content\/uploads\/2021\/02\/Stacy-Dilzer-RN-CCRC.jpg","type":"","width":"","height":""}],"twitter_card":"summary_large_image","twitter_misc":{"Tiempo de lectura":"1 minuto"},"schema":{"@context":"https:\/\/schema.org","@graph":[{"@type":"WebPage","@id":"https:\/\/cpmiclinical.com\/about\/our-research-team-in-miami\/stacy-dilzer-rn-ccrc\/","url":"https:\/\/cpmiclinical.com\/about\/our-research-team-in-miami\/stacy-dilzer-rn-ccrc\/","name":"Stacy Dilzer | Farmacolog\u00eda Cl\u00ednica de Miami | Ensayos cl\u00ednicos en Hialeah, Florida","isPartOf":{"@id":"https:\/\/cpmiclinical.com\/#website"},"primaryImageOfPage":{"@id":"https:\/\/cpmiclinical.com\/about\/our-research-team-in-miami\/stacy-dilzer-rn-ccrc\/#primaryimage"},"image":{"@id":"https:\/\/cpmiclinical.com\/about\/our-research-team-in-miami\/stacy-dilzer-rn-ccrc\/#primaryimage"},"thumbnailUrl":"https:\/\/cpmiclinical.com\/wp-content\/uploads\/2021\/02\/Stacy-Dilzer-RN-CCRC.jpg","datePublished":"2020-11-18T19:39:07+00:00","dateModified":"2021-06-24T19:35:18+00:00","description":"Stacy Dilzer - Descubra m\u00e1s informaci\u00f3n sobre Stacy Dilzer, presidenta de Clinical Pharmacology of Miami, ubicada en Hialeah, Florida.","breadcrumb":{"@id":"https:\/\/cpmiclinical.com\/about\/our-research-team-in-miami\/stacy-dilzer-rn-ccrc\/#breadcrumb"},"inLanguage":"es","potentialAction":[{"@type":"ReadAction","target":["https:\/\/cpmiclinical.com\/about\/our-research-team-in-miami\/stacy-dilzer-rn-ccrc\/"]}]},{"@type":"ImageObject","inLanguage":"es","@id":"https:\/\/cpmiclinical.com\/about\/our-research-team-in-miami\/stacy-dilzer-rn-ccrc\/#primaryimage","url":"https:\/\/cpmiclinical.com\/wp-content\/uploads\/2021\/02\/Stacy-Dilzer-RN-CCRC.jpg","contentUrl":"https:\/\/cpmiclinical.com\/wp-content\/uploads\/2021\/02\/Stacy-Dilzer-RN-CCRC.jpg"},{"@type":"BreadcrumbList","@id":"https:\/\/cpmiclinical.com\/about\/our-research-team-in-miami\/stacy-dilzer-rn-ccrc\/#breadcrumb","itemListElement":[{"@type":"ListItem","position":1,"name":"Home","item":"https:\/\/cpmiclinical.com\/"},{"@type":"ListItem","position":2,"name":"About Clinical Pharmacology of Miami","item":"https:\/\/cpmiclinical.com\/about\/"},{"@type":"ListItem","position":3,"name":"Our Team","item":"https:\/\/cpmiclinical.com\/about\/our-research-team-in-miami\/"},{"@type":"ListItem","position":4,"name":"Stacy Dilzer, RN, CCRC\u200b"}]},{"@type":"WebSite","@id":"https:\/\/cpmiclinical.com\/#website","url":"https:\/\/cpmiclinical.com\/","name":"Clinical Pharmacology of Miami","description":"Investigaci\u00f3n cl\u00ednica en Miami \/ Hialeah, FL","publisher":{"@id":"https:\/\/cpmiclinical.com\/#organization"},"potentialAction":[{"@type":"SearchAction","target":{"@type":"EntryPoint","urlTemplate":"https:\/\/cpmiclinical.com\/?s={search_term_string}"},"query-input":{"@type":"PropertyValueSpecification","valueRequired":true,"valueName":"search_term_string"}}],"inLanguage":"es"},{"@type":"Organization","@id":"https:\/\/cpmiclinical.com\/#organization","name":"Clinical Pharmacology of Miami","url":"https:\/\/cpmiclinical.com\/","logo":{"@type":"ImageObject","inLanguage":"es","@id":"https:\/\/cpmiclinical.com\/#\/schema\/logo\/image\/","url":"https:\/\/cpmiclinical.com\/wp-content\/uploads\/2026\/02\/CPMI-Blue-Logo-copy.webp","contentUrl":"https:\/\/cpmiclinical.com\/wp-content\/uploads\/2026\/02\/CPMI-Blue-Logo-copy.webp","width":150,"height":134,"caption":"Clinical Pharmacology of Miami"},"image":{"@id":"https:\/\/cpmiclinical.com\/#\/schema\/logo\/image\/"}}]}},"_links":{"self":[{"href":"https:\/\/cpmiclinical.com\/es\/wp-json\/wp\/v2\/pages\/87","targetHints":{"allow":["GET"]}}],"collection":[{"href":"https:\/\/cpmiclinical.com\/es\/wp-json\/wp\/v2\/pages"}],"about":[{"href":"https:\/\/cpmiclinical.com\/es\/wp-json\/wp\/v2\/types\/page"}],"author":[{"embeddable":true,"href":"https:\/\/cpmiclinical.com\/es\/wp-json\/wp\/v2\/users\/1"}],"replies":[{"embeddable":true,"href":"https:\/\/cpmiclinical.com\/es\/wp-json\/wp\/v2\/comments?post=87"}],"version-history":[{"count":0,"href":"https:\/\/cpmiclinical.com\/es\/wp-json\/wp\/v2\/pages\/87\/revisions"}],"up":[{"embeddable":true,"href":"https:\/\/cpmiclinical.com\/es\/wp-json\/wp\/v2\/pages\/17"}],"wp:attachment":[{"href":"https:\/\/cpmiclinical.com\/es\/wp-json\/wp\/v2\/media?parent=87"}],"curies":[{"name":"gracias","href":"https:\/\/api.w.org\/{rel}","templated":true}]}}