{"id":90,"date":"2020-11-18T19:47:14","date_gmt":"2020-11-18T19:47:14","guid":{"rendered":"http:\/\/cpmi.wpengine.com\/?page_id=90"},"modified":"2023-09-05T20:04:56","modified_gmt":"2023-09-05T20:04:56","slug":"our-founder","status":"publish","type":"page","link":"https:\/\/cpmiclinical.com\/es\/about\/our-research-team-in-miami\/our-founder\/","title":{"rendered":"Nuestro fundador Kenneth Lasseter, MD"},"content":{"rendered":"<div data-elementor-type=\"wp-page\" data-elementor-id=\"90\" class=\"elementor elementor-90\" data-elementor-post-type=\"page\">\n\t\t\t\t\t\t<section class=\"elementor-section elementor-top-section elementor-element elementor-element-5de97d2 elementor-section-boxed elementor-section-height-default elementor-section-height-default\" data-id=\"5de97d2\" data-element_type=\"section\" data-e-type=\"section\">\n\t\t\t\t\t\t<div class=\"elementor-container elementor-column-gap-wider\">\n\t\t\t\t\t<div class=\"elementor-column elementor-col-33 elementor-top-column elementor-element elementor-element-29acb1e\" data-id=\"29acb1e\" data-element_type=\"column\" data-e-type=\"column\">\n\t\t\t<div class=\"elementor-widget-wrap elementor-element-populated\">\n\t\t\t\t\t\t<div class=\"elementor-element elementor-element-6832d43 elementor-widget elementor-widget-image\" data-id=\"6832d43\" data-element_type=\"widget\" data-e-type=\"widget\" data-widget_type=\"image.default\">\n\t\t\t\t\t\t\t\t\t\t\t\t<figure class=\"wp-caption\">\n\t\t\t\t\t\t\t\t\t\t<img fetchpriority=\"high\" decoding=\"async\" width=\"600\" height=\"800\" src=\"https:\/\/cpmiclinical.com\/wp-content\/uploads\/2021\/02\/Kenneth-Lasseter-MD\u200b.jpg\" class=\"attachment-medium_large size-medium_large wp-image-296\" alt=\"Kenneth Lasseter, MD\u200b - CPMI - Clinical Pharmacology of Miami - Part of the ERG Network\" srcset=\"https:\/\/cpmiclinical.com\/wp-content\/uploads\/2021\/02\/Kenneth-Lasseter-MD\u200b.jpg 600w, https:\/\/cpmiclinical.com\/wp-content\/uploads\/2021\/02\/Kenneth-Lasseter-MD\u200b-225x300.jpg 225w, https:\/\/cpmiclinical.com\/wp-content\/uploads\/2021\/02\/Kenneth-Lasseter-MD\u200b-9x12.jpg 9w\" sizes=\"(max-width: 600px) 100vw, 600px\" \/>\t\t\t\t\t\t\t\t\t\t\t<figcaption class=\"widget-image-caption wp-caption-text\">Nuestro fundador Kenneth Lasseter, MD<\/figcaption>\n\t\t\t\t\t\t\t\t\t\t<\/figure>\n\t\t\t\t\t\t\t\t\t<\/div>\n\t\t\t\t\t<\/div>\n\t\t<\/div>\n\t\t\t\t<div class=\"elementor-column elementor-col-66 elementor-top-column elementor-element elementor-element-0cf59c9\" data-id=\"0cf59c9\" data-element_type=\"column\" data-e-type=\"column\">\n\t\t\t<div class=\"elementor-widget-wrap elementor-element-populated\">\n\t\t\t\t\t\t<div class=\"elementor-element elementor-element-3be542b elementor-widget elementor-widget-heading\" data-id=\"3be542b\" data-element_type=\"widget\" data-e-type=\"widget\" data-widget_type=\"heading.default\">\n\t\t\t\t\t<h1 class=\"elementor-heading-title elementor-size-default\">Nuestro fundador Kenneth Lasseter, MD<\/h1>\t\t\t\t<\/div>\n\t\t\t\t<div class=\"elementor-element elementor-element-7e1be49 elementor-widget elementor-widget-heading\" data-id=\"7e1be49\" data-element_type=\"widget\" data-e-type=\"widget\" data-widget_type=\"heading.default\">\n\t\t\t\t\t<h2 class=\"elementor-heading-title elementor-size-default\">Farmacolog\u00eda Cl\u00ednica<br \/>\nRenal y hep\u00e1tico<\/h2>\t\t\t\t<\/div>\n\t\t\t\t<div class=\"elementor-element elementor-element-5e30d23 elementor-widget elementor-widget-text-editor\" data-id=\"5e30d23\" data-element_type=\"widget\" data-e-type=\"widget\" data-widget_type=\"text-editor.default\">\n\t\t\t\t\t\t\t\t\t<p>Kenneth C. Lasseter naci\u00f3 en Jacksonville, Florida, hijo de James y Retta Shad Lasseter. Le sobreviven su amada esposa durante 46 a\u00f1os, Kathleen G. Lasseter y sus tres hijos: Susan Lasseter Dubrof (David), Kenneth C. Lasseter III y Frank L. Graves III. Hay seis nietos sobrevivientes: Kenneth C. Lasseter IV, Joshua H. Sherman, Eliana Lasseter Sherman, Kyle C. Lasseter, Kayden C. Lasseter y Karsen C. Lasseter. Tambi\u00e9n le sobreviven su cu\u00f1ada Jean Marks y su hijo Steven Colletti, as\u00ed como su hermano mayor, James Lasseter, su esposa Barbara Rouse Lasseter y sus dos hijos Jay Lasseter (Vicky) y Barry Lasseter.\u00a0<\/p><p>Kenneth creci\u00f3 en Neptune Beach, Florida, y asisti\u00f3 a Fletcher High School. Estuvo muy activo en los Boy Scouts of America y alcanz\u00f3 el rango de Eagle Scout. Fue aceptado en el Programa de Admisiones Tempranas y Estudios Avanzados de la Universidad Stetson y se gradu\u00f3 con una licenciatura en Qu\u00edmica en 1963. Posteriormente, se matricul\u00f3 en la facultad de medicina de la Facultad de Medicina de la Universidad de Florida y se gradu\u00f3 con el t\u00edtulo de m\u00e9dico en 1967. Complet\u00f3 una pasant\u00eda. , Residencia M\u00e9dica y Beca en Cardiolog\u00eda en el Hospital de la Facultad de Medicina de la Universidad de Kentucky y, luego, se uni\u00f3 al cuerpo docente de la Facultad de Medicina de la Universidad de Miami como Profesor Asistente y, luego, Profesor Asociado de Farmacolog\u00eda y Medicina. Fue certificado por la Junta Estadounidense de Farmacolog\u00eda Cl\u00ednica y jug\u00f3 un papel decisivo en el desarrollo de una unidad de investigaci\u00f3n de farmacolog\u00eda cl\u00ednica en la UM. Reconoci\u00f3 la necesidad de una Unidad de este tipo fuera del mundo acad\u00e9mico y, en 1981, \u00e9l y E. Cooper Shamblen abrieron Clinical Pharmacology Associates. Durante los siguientes 40 a\u00f1os, el Dr. Lasseter complet\u00f3 unos 1200 proyectos patrocinados y public\u00f3 m\u00e1s de 350 art\u00edculos en la literatura m\u00e9dica. Gran parte de este trabajo fue presentado en Encuentros Nacionales e Internacionales.<\/p><p>Adem\u00e1s de su carrera m\u00e9dica, el Dr. Lasseter era un \u00e1vido pescador de caza mayor, y \u00e9l y su barco, el Rivergate, eran muy conocidos en las Bahamas, especialmente en Bimini y Green Turtle Cay en los \u00c1bacos. En a\u00f1os posteriores, su salud se deterior\u00f3 y se someti\u00f3 a un bypass cu\u00e1druple de la arteria coronaria, pero la insuficiencia congestiva result\u00f3 ser un desaf\u00edo serio y finalmente le quit\u00f3 la vida. El Dr. Lasseter falleci\u00f3 pac\u00edficamente el 30 de junio de 2023.<\/p><p>El Dr. Lasseter comenz\u00f3 su carrera investigadora mientras estaba en la Facultad de Medicina de la Universidad de Miami. Se ha desempe\u00f1ado como Profesor Asistente y Asociado de Farmacolog\u00eda y Medicina en la Facultad de Medicina de la Universidad de Miami, y como Profesor Adjunto de Farmacolog\u00eda en la Facultad de Medicina Miller de la Universidad de Miami. Es un conferenciante frecuente en cursos de posgrado y programas m\u00e9dicos. El Dr. Lasseter obtuvo su doctorado en la Facultad de Medicina de la Universidad de Gainesville, Florida. Complet\u00f3 su residencia en la Universidad de Kentucky en Lexington, Kentucky y una beca postdoctoral en Farmacolog\u00eda Cl\u00ednica y Cardiolog\u00eda en la Facultad de Medicina de la Universidad de Miami, Miami, Florida.<\/p>\t\t\t\t\t\t\t\t<\/div>\n\t\t\t\t\t<\/div>\n\t\t<\/div>\n\t\t\t\t\t<\/div>\n\t\t<\/section>\n\t\t\t\t<\/div>","protected":false},"excerpt":{"rendered":"<p>Farmacolog\u00eda cl\u00ednica Renal y hep\u00e1tica Kenneth C. Lasseter naci\u00f3 en Jacksonville, Florida, hijo de James y Retta Shad Lasseter. Le sobreviven su amada esposa durante 46 a\u00f1os, Kathleen G. Lasseter y sus tres hijos: Susan Lasseter Dubrof (David), Kenneth C. Lasseter III y Frank L. Graves III. Hay seis nietos sobrevivientes: Kenneth C.... <\/p>\n<p class=\"read-more-container\"><a title=\"Nuestro fundador Kenneth Lasseter, MD\" class=\"read-more button\" href=\"https:\/\/cpmiclinical.com\/es\/about\/our-research-team-in-miami\/our-founder\/#more-90\" aria-label=\"Leer m\u00e1s sobre Nuestro Fundador Kenneth Lasseter, MD\">Lee mas<\/a><\/p>","protected":false},"author":1,"featured_media":0,"parent":17,"menu_order":0,"comment_status":"closed","ping_status":"closed","template":"","meta":{"footnotes":""},"class_list":["post-90","page","type-page","status-publish"],"yoast_head":"<!-- This site is optimized with the Yoast SEO plugin v27.5 - https:\/\/yoast.com\/product\/yoast-seo-wordpress\/ -->\n<title>Our Founder Dr. Kenneth Lasseter | Clinical Pharmacology of Miami in Hialeah, FL<\/title>\n<meta name=\"description\" content=\"Dr. Kenneth Lasseter - Find out more information about Dr. Kenneth Lasseter, Medical Advisor at CPMI in Hialeah, Florida.\" \/>\n<meta name=\"robots\" content=\"index, follow, max-snippet:-1, max-image-preview:large, max-video-preview:-1\" \/>\n<link rel=\"canonical\" href=\"https:\/\/cpmiclinical.com\/es\/about\/our-research-team-in-miami\/our-founder\/\" \/>\n<meta property=\"og:locale\" content=\"es_MX\" \/>\n<meta property=\"og:type\" content=\"article\" \/>\n<meta property=\"og:title\" content=\"Our Founder Dr. Kenneth Lasseter | Clinical Pharmacology of Miami in Hialeah, FL\" \/>\n<meta property=\"og:description\" content=\"Dr. Kenneth Lasseter - Find out more information about Dr. Kenneth Lasseter, Medical Advisor at CPMI in Hialeah, Florida.\" \/>\n<meta property=\"og:url\" content=\"https:\/\/cpmiclinical.com\/es\/about\/our-research-team-in-miami\/our-founder\/\" \/>\n<meta property=\"og:site_name\" content=\"Clinical Pharmacology of Miami\" \/>\n<meta property=\"article:modified_time\" content=\"2023-09-05T20:04:56+00:00\" \/>\n<meta name=\"twitter:card\" content=\"summary_large_image\" \/>\n<meta name=\"twitter:label1\" content=\"Tiempo de lectura\" \/>\n\t<meta name=\"twitter:data1\" content=\"3 minutos\" \/>\n<script type=\"application\/ld+json\" class=\"yoast-schema-graph\">{\"@context\":\"https:\\\/\\\/schema.org\",\"@graph\":[{\"@type\":\"WebPage\",\"@id\":\"https:\\\/\\\/cpmiclinical.com\\\/about\\\/our-research-team-in-miami\\\/our-founder\\\/\",\"url\":\"https:\\\/\\\/cpmiclinical.com\\\/about\\\/our-research-team-in-miami\\\/our-founder\\\/\",\"name\":\"Our Founder Dr. Kenneth Lasseter | Clinical Pharmacology of Miami in Hialeah, FL\",\"isPartOf\":{\"@id\":\"https:\\\/\\\/cpmiclinical.com\\\/#website\"},\"datePublished\":\"2020-11-18T19:47:14+00:00\",\"dateModified\":\"2023-09-05T20:04:56+00:00\",\"description\":\"Dr. Kenneth Lasseter - Find out more information about Dr. Kenneth Lasseter, Medical Advisor at CPMI in Hialeah, Florida.\",\"breadcrumb\":{\"@id\":\"https:\\\/\\\/cpmiclinical.com\\\/about\\\/our-research-team-in-miami\\\/our-founder\\\/#breadcrumb\"},\"inLanguage\":\"es\",\"potentialAction\":[{\"@type\":\"ReadAction\",\"target\":[\"https:\\\/\\\/cpmiclinical.com\\\/about\\\/our-research-team-in-miami\\\/our-founder\\\/\"]}]},{\"@type\":\"BreadcrumbList\",\"@id\":\"https:\\\/\\\/cpmiclinical.com\\\/about\\\/our-research-team-in-miami\\\/our-founder\\\/#breadcrumb\",\"itemListElement\":[{\"@type\":\"ListItem\",\"position\":1,\"name\":\"Home\",\"item\":\"https:\\\/\\\/cpmiclinical.com\\\/\"},{\"@type\":\"ListItem\",\"position\":2,\"name\":\"About Clinical Pharmacology of Miami\",\"item\":\"https:\\\/\\\/cpmiclinical.com\\\/about\\\/\"},{\"@type\":\"ListItem\",\"position\":3,\"name\":\"Our Team\",\"item\":\"https:\\\/\\\/cpmiclinical.com\\\/about\\\/our-research-team-in-miami\\\/\"},{\"@type\":\"ListItem\",\"position\":4,\"name\":\"Our Founder Kenneth Lasseter, MD\"}]},{\"@type\":\"WebSite\",\"@id\":\"https:\\\/\\\/cpmiclinical.com\\\/#website\",\"url\":\"https:\\\/\\\/cpmiclinical.com\\\/\",\"name\":\"Clinical Pharmacology of Miami\",\"description\":\"Clinical research in Miami \\\/ Hialeah, FL\",\"publisher\":{\"@id\":\"https:\\\/\\\/cpmiclinical.com\\\/#organization\"},\"potentialAction\":[{\"@type\":\"SearchAction\",\"target\":{\"@type\":\"EntryPoint\",\"urlTemplate\":\"https:\\\/\\\/cpmiclinical.com\\\/?s={search_term_string}\"},\"query-input\":{\"@type\":\"PropertyValueSpecification\",\"valueRequired\":true,\"valueName\":\"search_term_string\"}}],\"inLanguage\":\"es\"},{\"@type\":\"Organization\",\"@id\":\"https:\\\/\\\/cpmiclinical.com\\\/#organization\",\"name\":\"Clinical Pharmacology of Miami\",\"url\":\"https:\\\/\\\/cpmiclinical.com\\\/\",\"logo\":{\"@type\":\"ImageObject\",\"inLanguage\":\"es\",\"@id\":\"https:\\\/\\\/cpmiclinical.com\\\/#\\\/schema\\\/logo\\\/image\\\/\",\"url\":\"https:\\\/\\\/cpmiclinical.com\\\/wp-content\\\/uploads\\\/2026\\\/02\\\/CPMI-Blue-Logo-copy.webp\",\"contentUrl\":\"https:\\\/\\\/cpmiclinical.com\\\/wp-content\\\/uploads\\\/2026\\\/02\\\/CPMI-Blue-Logo-copy.webp\",\"width\":150,\"height\":134,\"caption\":\"Clinical Pharmacology of Miami\"},\"image\":{\"@id\":\"https:\\\/\\\/cpmiclinical.com\\\/#\\\/schema\\\/logo\\\/image\\\/\"}}]}<\/script>\n<!-- \/ Yoast SEO plugin. -->","yoast_head_json":{"title":"Nuestro fundador, el Dr. Kenneth Lasseter | Farmacolog\u00eda Cl\u00ednica de Miami en Hialeah, Florida","description":"Dr. Kenneth Lasseter - Obtenga m\u00e1s informaci\u00f3n sobre el Dr. Kenneth Lasseter, asesor m\u00e9dico en CPMI en Hialeah, Florida.","robots":{"index":"index","follow":"follow","max-snippet":"max-snippet:-1","max-image-preview":"max-image-preview:large","max-video-preview":"max-video-preview:-1"},"canonical":"https:\/\/cpmiclinical.com\/es\/about\/our-research-team-in-miami\/our-founder\/","og_locale":"es_MX","og_type":"article","og_title":"Our Founder Dr. Kenneth Lasseter | Clinical Pharmacology of Miami in Hialeah, FL","og_description":"Dr. Kenneth Lasseter - Find out more information about Dr. Kenneth Lasseter, Medical Advisor at CPMI in Hialeah, Florida.","og_url":"https:\/\/cpmiclinical.com\/es\/about\/our-research-team-in-miami\/our-founder\/","og_site_name":"Clinical Pharmacology of Miami","article_modified_time":"2023-09-05T20:04:56+00:00","twitter_card":"summary_large_image","twitter_misc":{"Tiempo de lectura":"3 minutos"},"schema":{"@context":"https:\/\/schema.org","@graph":[{"@type":"WebPage","@id":"https:\/\/cpmiclinical.com\/about\/our-research-team-in-miami\/our-founder\/","url":"https:\/\/cpmiclinical.com\/about\/our-research-team-in-miami\/our-founder\/","name":"Nuestro fundador, el Dr. Kenneth Lasseter | Farmacolog\u00eda Cl\u00ednica de Miami en Hialeah, Florida","isPartOf":{"@id":"https:\/\/cpmiclinical.com\/#website"},"datePublished":"2020-11-18T19:47:14+00:00","dateModified":"2023-09-05T20:04:56+00:00","description":"Dr. Kenneth Lasseter - Obtenga m\u00e1s informaci\u00f3n sobre el Dr. Kenneth Lasseter, asesor m\u00e9dico en CPMI en Hialeah, Florida.","breadcrumb":{"@id":"https:\/\/cpmiclinical.com\/about\/our-research-team-in-miami\/our-founder\/#breadcrumb"},"inLanguage":"es","potentialAction":[{"@type":"ReadAction","target":["https:\/\/cpmiclinical.com\/about\/our-research-team-in-miami\/our-founder\/"]}]},{"@type":"BreadcrumbList","@id":"https:\/\/cpmiclinical.com\/about\/our-research-team-in-miami\/our-founder\/#breadcrumb","itemListElement":[{"@type":"ListItem","position":1,"name":"Home","item":"https:\/\/cpmiclinical.com\/"},{"@type":"ListItem","position":2,"name":"About Clinical Pharmacology of Miami","item":"https:\/\/cpmiclinical.com\/about\/"},{"@type":"ListItem","position":3,"name":"Our Team","item":"https:\/\/cpmiclinical.com\/about\/our-research-team-in-miami\/"},{"@type":"ListItem","position":4,"name":"Our Founder Kenneth Lasseter, MD"}]},{"@type":"WebSite","@id":"https:\/\/cpmiclinical.com\/#website","url":"https:\/\/cpmiclinical.com\/","name":"Clinical Pharmacology of Miami","description":"Investigaci\u00f3n cl\u00ednica en Miami \/ Hialeah, FL","publisher":{"@id":"https:\/\/cpmiclinical.com\/#organization"},"potentialAction":[{"@type":"SearchAction","target":{"@type":"EntryPoint","urlTemplate":"https:\/\/cpmiclinical.com\/?s={search_term_string}"},"query-input":{"@type":"PropertyValueSpecification","valueRequired":true,"valueName":"search_term_string"}}],"inLanguage":"es"},{"@type":"Organization","@id":"https:\/\/cpmiclinical.com\/#organization","name":"Clinical Pharmacology of Miami","url":"https:\/\/cpmiclinical.com\/","logo":{"@type":"ImageObject","inLanguage":"es","@id":"https:\/\/cpmiclinical.com\/#\/schema\/logo\/image\/","url":"https:\/\/cpmiclinical.com\/wp-content\/uploads\/2026\/02\/CPMI-Blue-Logo-copy.webp","contentUrl":"https:\/\/cpmiclinical.com\/wp-content\/uploads\/2026\/02\/CPMI-Blue-Logo-copy.webp","width":150,"height":134,"caption":"Clinical Pharmacology of Miami"},"image":{"@id":"https:\/\/cpmiclinical.com\/#\/schema\/logo\/image\/"}}]}},"_links":{"self":[{"href":"https:\/\/cpmiclinical.com\/es\/wp-json\/wp\/v2\/pages\/90","targetHints":{"allow":["GET"]}}],"collection":[{"href":"https:\/\/cpmiclinical.com\/es\/wp-json\/wp\/v2\/pages"}],"about":[{"href":"https:\/\/cpmiclinical.com\/es\/wp-json\/wp\/v2\/types\/page"}],"author":[{"embeddable":true,"href":"https:\/\/cpmiclinical.com\/es\/wp-json\/wp\/v2\/users\/1"}],"replies":[{"embeddable":true,"href":"https:\/\/cpmiclinical.com\/es\/wp-json\/wp\/v2\/comments?post=90"}],"version-history":[{"count":0,"href":"https:\/\/cpmiclinical.com\/es\/wp-json\/wp\/v2\/pages\/90\/revisions"}],"up":[{"embeddable":true,"href":"https:\/\/cpmiclinical.com\/es\/wp-json\/wp\/v2\/pages\/17"}],"wp:attachment":[{"href":"https:\/\/cpmiclinical.com\/es\/wp-json\/wp\/v2\/media?parent=90"}],"curies":[{"name":"gracias","href":"https:\/\/api.w.org\/{rel}","templated":true}]}}