{"id":98,"date":"2020-11-18T20:06:39","date_gmt":"2020-11-18T20:06:39","guid":{"rendered":"http:\/\/cpmi.wpengine.com\/?page_id=98"},"modified":"2021-06-24T19:10:37","modified_gmt":"2021-06-24T19:10:37","slug":"cooper-shamblen","status":"publish","type":"page","link":"https:\/\/cpmiclinical.com\/es\/about\/our-research-team-in-miami\/cooper-shamblen\/","title":{"rendered":"Cooper Shamblen"},"content":{"rendered":"<div data-elementor-type=\"wp-page\" data-elementor-id=\"98\" class=\"elementor elementor-98\" data-elementor-post-type=\"page\">\n\t\t\t\t\t\t<section class=\"elementor-section elementor-top-section elementor-element elementor-element-3549501 elementor-section-boxed elementor-section-height-default elementor-section-height-default\" data-id=\"3549501\" data-element_type=\"section\" data-e-type=\"section\">\n\t\t\t\t\t\t<div class=\"elementor-container elementor-column-gap-wider\">\n\t\t\t\t\t<div class=\"elementor-column elementor-col-33 elementor-top-column elementor-element elementor-element-00f5fce\" data-id=\"00f5fce\" data-element_type=\"column\" data-e-type=\"column\">\n\t\t\t<div class=\"elementor-widget-wrap elementor-element-populated\">\n\t\t\t\t\t\t<div class=\"elementor-element elementor-element-5ad5e4d elementor-widget elementor-widget-image\" data-id=\"5ad5e4d\" data-element_type=\"widget\" data-e-type=\"widget\" data-widget_type=\"image.default\">\n\t\t\t\t\t\t\t\t\t\t\t\t<figure class=\"wp-caption\">\n\t\t\t\t\t\t\t\t\t\t<img fetchpriority=\"high\" decoding=\"async\" width=\"600\" height=\"800\" src=\"https:\/\/cpmiclinical.com\/wp-content\/uploads\/2021\/03\/Cooper-Shamblen2.jpg\" class=\"attachment-medium_large size-medium_large wp-image-309\" alt=\"Cooper Shamblen\u200b - CPMI - Clinical Pharmacology of Miami - Part of the ERG Network\" srcset=\"https:\/\/cpmiclinical.com\/wp-content\/uploads\/2021\/03\/Cooper-Shamblen2.jpg 600w, https:\/\/cpmiclinical.com\/wp-content\/uploads\/2021\/03\/Cooper-Shamblen2-225x300.jpg 225w, https:\/\/cpmiclinical.com\/wp-content\/uploads\/2021\/03\/Cooper-Shamblen2-9x12.jpg 9w\" sizes=\"(max-width: 600px) 100vw, 600px\" \/>\t\t\t\t\t\t\t\t\t\t\t<figcaption class=\"widget-image-caption wp-caption-text\">Cooper Shamblen<\/figcaption>\n\t\t\t\t\t\t\t\t\t\t<\/figure>\n\t\t\t\t\t\t\t\t\t<\/div>\n\t\t\t\t\t<\/div>\n\t\t<\/div>\n\t\t\t\t<div class=\"elementor-column elementor-col-66 elementor-top-column elementor-element elementor-element-9b37178\" data-id=\"9b37178\" data-element_type=\"column\" data-e-type=\"column\">\n\t\t\t<div class=\"elementor-widget-wrap elementor-element-populated\">\n\t\t\t\t\t\t<div class=\"elementor-element elementor-element-350463e elementor-widget elementor-widget-heading\" data-id=\"350463e\" data-element_type=\"widget\" data-e-type=\"widget\" data-widget_type=\"heading.default\">\n\t\t\t\t\t<h1 class=\"elementor-heading-title elementor-size-default\">Cooper Shamblen<\/h1>\t\t\t\t<\/div>\n\t\t\t\t<div class=\"elementor-element elementor-element-6947290 elementor-widget elementor-widget-heading\" data-id=\"6947290\" data-element_type=\"widget\" data-e-type=\"widget\" data-widget_type=\"heading.default\">\n\t\t\t\t\t<h2 class=\"elementor-heading-title elementor-size-default\">Vicepresidente de Operaciones<\/h2>\t\t\t\t<\/div>\n\t\t\t\t<div class=\"elementor-element elementor-element-ab667c9 elementor-widget elementor-widget-text-editor\" data-id=\"ab667c9\" data-element_type=\"widget\" data-e-type=\"widget\" data-widget_type=\"text-editor.default\">\n\t\t\t\t\t\t\t\t\t<ul><li>Involucrado en todos los aspectos de la realizaci\u00f3n de estudios para m\u00e1s de 1800 ensayos cl\u00ednicos con un enfoque en estudios de fase 1<\/li><li>Cofundador de Clinical Pharmacology Associates y Clinical Pharmacology of Miami<\/li><\/ul>\t\t\t\t\t\t\t\t<\/div>\n\t\t\t\t\t<\/div>\n\t\t<\/div>\n\t\t\t\t\t<\/div>\n\t\t<\/section>\n\t\t\t\t<\/div>","protected":false},"excerpt":{"rendered":"<p>Vicepresidente de Operaciones Involucrado en todos los aspectos de la realizaci\u00f3n de estudios para m\u00e1s de 1800 ensayos cl\u00ednicos con un enfoque en estudios de Fase 1 Cofundador de Clinical Pharmacology Associates y Clinical Pharmacology of Miami<\/p>","protected":false},"author":1,"featured_media":0,"parent":17,"menu_order":0,"comment_status":"closed","ping_status":"closed","template":"","meta":{"footnotes":""},"class_list":["post-98","page","type-page","status-publish"],"yoast_head":"<!-- This site is optimized with the Yoast SEO plugin v27.5 - https:\/\/yoast.com\/product\/yoast-seo-wordpress\/ -->\n<title>Cooper Shamblen | Clinical Pharmacology of Miami Located in Hialeah, FL<\/title>\n<meta name=\"description\" content=\"Cooper Shamblen - Find out more about Cooper Shamblen, Vice President of Operations at Clinical Pharmacology of Miami.\" \/>\n<meta name=\"robots\" content=\"index, follow, max-snippet:-1, max-image-preview:large, max-video-preview:-1\" \/>\n<link rel=\"canonical\" href=\"https:\/\/cpmiclinical.com\/es\/about\/our-research-team-in-miami\/cooper-shamblen\/\" \/>\n<meta property=\"og:locale\" content=\"es_MX\" \/>\n<meta property=\"og:type\" content=\"article\" \/>\n<meta property=\"og:title\" content=\"Cooper Shamblen | Clinical Pharmacology of Miami Located in Hialeah, FL\" \/>\n<meta property=\"og:description\" content=\"Cooper Shamblen - Find out more about Cooper Shamblen, Vice President of Operations at Clinical Pharmacology of Miami.\" \/>\n<meta property=\"og:url\" content=\"https:\/\/cpmiclinical.com\/es\/about\/our-research-team-in-miami\/cooper-shamblen\/\" \/>\n<meta property=\"og:site_name\" content=\"Clinical Pharmacology of Miami\" \/>\n<meta property=\"article:modified_time\" content=\"2021-06-24T19:10:37+00:00\" \/>\n<meta property=\"og:image\" content=\"https:\/\/cpmi.wpengine.com\/wp-content\/uploads\/2021\/03\/Cooper-Shamblen2.jpg\" \/>\n<meta name=\"twitter:card\" content=\"summary_large_image\" \/>\n<meta name=\"twitter:label1\" content=\"Tiempo de lectura\" \/>\n\t<meta name=\"twitter:data1\" content=\"1 minuto\" \/>\n<script type=\"application\/ld+json\" class=\"yoast-schema-graph\">{\"@context\":\"https:\\\/\\\/schema.org\",\"@graph\":[{\"@type\":\"WebPage\",\"@id\":\"https:\\\/\\\/cpmiclinical.com\\\/about\\\/our-research-team-in-miami\\\/cooper-shamblen\\\/\",\"url\":\"https:\\\/\\\/cpmiclinical.com\\\/about\\\/our-research-team-in-miami\\\/cooper-shamblen\\\/\",\"name\":\"Cooper Shamblen | Clinical Pharmacology of Miami Located in Hialeah, FL\",\"isPartOf\":{\"@id\":\"https:\\\/\\\/cpmiclinical.com\\\/#website\"},\"primaryImageOfPage\":{\"@id\":\"https:\\\/\\\/cpmiclinical.com\\\/about\\\/our-research-team-in-miami\\\/cooper-shamblen\\\/#primaryimage\"},\"image\":{\"@id\":\"https:\\\/\\\/cpmiclinical.com\\\/about\\\/our-research-team-in-miami\\\/cooper-shamblen\\\/#primaryimage\"},\"thumbnailUrl\":\"https:\\\/\\\/cpmi.wpengine.com\\\/wp-content\\\/uploads\\\/2021\\\/03\\\/Cooper-Shamblen2.jpg\",\"datePublished\":\"2020-11-18T20:06:39+00:00\",\"dateModified\":\"2021-06-24T19:10:37+00:00\",\"description\":\"Cooper Shamblen - Find out more about Cooper Shamblen, Vice President of Operations at Clinical Pharmacology of Miami.\",\"breadcrumb\":{\"@id\":\"https:\\\/\\\/cpmiclinical.com\\\/about\\\/our-research-team-in-miami\\\/cooper-shamblen\\\/#breadcrumb\"},\"inLanguage\":\"es\",\"potentialAction\":[{\"@type\":\"ReadAction\",\"target\":[\"https:\\\/\\\/cpmiclinical.com\\\/about\\\/our-research-team-in-miami\\\/cooper-shamblen\\\/\"]}]},{\"@type\":\"ImageObject\",\"inLanguage\":\"es\",\"@id\":\"https:\\\/\\\/cpmiclinical.com\\\/about\\\/our-research-team-in-miami\\\/cooper-shamblen\\\/#primaryimage\",\"url\":\"https:\\\/\\\/cpmi.wpengine.com\\\/wp-content\\\/uploads\\\/2021\\\/03\\\/Cooper-Shamblen2.jpg\",\"contentUrl\":\"https:\\\/\\\/cpmi.wpengine.com\\\/wp-content\\\/uploads\\\/2021\\\/03\\\/Cooper-Shamblen2.jpg\"},{\"@type\":\"BreadcrumbList\",\"@id\":\"https:\\\/\\\/cpmiclinical.com\\\/about\\\/our-research-team-in-miami\\\/cooper-shamblen\\\/#breadcrumb\",\"itemListElement\":[{\"@type\":\"ListItem\",\"position\":1,\"name\":\"Home\",\"item\":\"https:\\\/\\\/cpmiclinical.com\\\/\"},{\"@type\":\"ListItem\",\"position\":2,\"name\":\"About Clinical Pharmacology of Miami\",\"item\":\"https:\\\/\\\/cpmiclinical.com\\\/about\\\/\"},{\"@type\":\"ListItem\",\"position\":3,\"name\":\"Our Team\",\"item\":\"https:\\\/\\\/cpmiclinical.com\\\/about\\\/our-research-team-in-miami\\\/\"},{\"@type\":\"ListItem\",\"position\":4,\"name\":\"Cooper Shamblen\"}]},{\"@type\":\"WebSite\",\"@id\":\"https:\\\/\\\/cpmiclinical.com\\\/#website\",\"url\":\"https:\\\/\\\/cpmiclinical.com\\\/\",\"name\":\"Clinical Pharmacology of Miami\",\"description\":\"Clinical research in Miami \\\/ Hialeah, FL\",\"publisher\":{\"@id\":\"https:\\\/\\\/cpmiclinical.com\\\/#organization\"},\"potentialAction\":[{\"@type\":\"SearchAction\",\"target\":{\"@type\":\"EntryPoint\",\"urlTemplate\":\"https:\\\/\\\/cpmiclinical.com\\\/?s={search_term_string}\"},\"query-input\":{\"@type\":\"PropertyValueSpecification\",\"valueRequired\":true,\"valueName\":\"search_term_string\"}}],\"inLanguage\":\"es\"},{\"@type\":\"Organization\",\"@id\":\"https:\\\/\\\/cpmiclinical.com\\\/#organization\",\"name\":\"Clinical Pharmacology of Miami\",\"url\":\"https:\\\/\\\/cpmiclinical.com\\\/\",\"logo\":{\"@type\":\"ImageObject\",\"inLanguage\":\"es\",\"@id\":\"https:\\\/\\\/cpmiclinical.com\\\/#\\\/schema\\\/logo\\\/image\\\/\",\"url\":\"https:\\\/\\\/cpmiclinical.com\\\/wp-content\\\/uploads\\\/2026\\\/02\\\/CPMI-Blue-Logo-copy.webp\",\"contentUrl\":\"https:\\\/\\\/cpmiclinical.com\\\/wp-content\\\/uploads\\\/2026\\\/02\\\/CPMI-Blue-Logo-copy.webp\",\"width\":150,\"height\":134,\"caption\":\"Clinical Pharmacology of Miami\"},\"image\":{\"@id\":\"https:\\\/\\\/cpmiclinical.com\\\/#\\\/schema\\\/logo\\\/image\\\/\"}}]}<\/script>\n<!-- \/ Yoast SEO plugin. -->","yoast_head_json":{"title":"Cooper Shamblen | Farmacolog\u00eda Cl\u00ednica de Miami Ubicada en Hialeah, Florida","description":"Cooper Shamblen - Conozca m\u00e1s sobre Cooper Shamblen, vicepresidente de operaciones de Clinical Pharmacology of Miami.","robots":{"index":"index","follow":"follow","max-snippet":"max-snippet:-1","max-image-preview":"max-image-preview:large","max-video-preview":"max-video-preview:-1"},"canonical":"https:\/\/cpmiclinical.com\/es\/about\/our-research-team-in-miami\/cooper-shamblen\/","og_locale":"es_MX","og_type":"article","og_title":"Cooper Shamblen | Clinical Pharmacology of Miami Located in Hialeah, FL","og_description":"Cooper Shamblen - Find out more about Cooper Shamblen, Vice President of Operations at Clinical Pharmacology of Miami.","og_url":"https:\/\/cpmiclinical.com\/es\/about\/our-research-team-in-miami\/cooper-shamblen\/","og_site_name":"Clinical Pharmacology of Miami","article_modified_time":"2021-06-24T19:10:37+00:00","og_image":[{"url":"https:\/\/cpmi.wpengine.com\/wp-content\/uploads\/2021\/03\/Cooper-Shamblen2.jpg","type":"","width":"","height":""}],"twitter_card":"summary_large_image","twitter_misc":{"Tiempo de lectura":"1 minuto"},"schema":{"@context":"https:\/\/schema.org","@graph":[{"@type":"WebPage","@id":"https:\/\/cpmiclinical.com\/about\/our-research-team-in-miami\/cooper-shamblen\/","url":"https:\/\/cpmiclinical.com\/about\/our-research-team-in-miami\/cooper-shamblen\/","name":"Cooper Shamblen | Farmacolog\u00eda Cl\u00ednica de Miami Ubicada en Hialeah, Florida","isPartOf":{"@id":"https:\/\/cpmiclinical.com\/#website"},"primaryImageOfPage":{"@id":"https:\/\/cpmiclinical.com\/about\/our-research-team-in-miami\/cooper-shamblen\/#primaryimage"},"image":{"@id":"https:\/\/cpmiclinical.com\/about\/our-research-team-in-miami\/cooper-shamblen\/#primaryimage"},"thumbnailUrl":"https:\/\/cpmi.wpengine.com\/wp-content\/uploads\/2021\/03\/Cooper-Shamblen2.jpg","datePublished":"2020-11-18T20:06:39+00:00","dateModified":"2021-06-24T19:10:37+00:00","description":"Cooper Shamblen - Conozca m\u00e1s sobre Cooper Shamblen, vicepresidente de operaciones de Clinical Pharmacology of Miami.","breadcrumb":{"@id":"https:\/\/cpmiclinical.com\/about\/our-research-team-in-miami\/cooper-shamblen\/#breadcrumb"},"inLanguage":"es","potentialAction":[{"@type":"ReadAction","target":["https:\/\/cpmiclinical.com\/about\/our-research-team-in-miami\/cooper-shamblen\/"]}]},{"@type":"ImageObject","inLanguage":"es","@id":"https:\/\/cpmiclinical.com\/about\/our-research-team-in-miami\/cooper-shamblen\/#primaryimage","url":"https:\/\/cpmi.wpengine.com\/wp-content\/uploads\/2021\/03\/Cooper-Shamblen2.jpg","contentUrl":"https:\/\/cpmi.wpengine.com\/wp-content\/uploads\/2021\/03\/Cooper-Shamblen2.jpg"},{"@type":"BreadcrumbList","@id":"https:\/\/cpmiclinical.com\/about\/our-research-team-in-miami\/cooper-shamblen\/#breadcrumb","itemListElement":[{"@type":"ListItem","position":1,"name":"Home","item":"https:\/\/cpmiclinical.com\/"},{"@type":"ListItem","position":2,"name":"About Clinical Pharmacology of Miami","item":"https:\/\/cpmiclinical.com\/about\/"},{"@type":"ListItem","position":3,"name":"Our Team","item":"https:\/\/cpmiclinical.com\/about\/our-research-team-in-miami\/"},{"@type":"ListItem","position":4,"name":"Cooper Shamblen"}]},{"@type":"WebSite","@id":"https:\/\/cpmiclinical.com\/#website","url":"https:\/\/cpmiclinical.com\/","name":"Clinical Pharmacology of Miami","description":"Investigaci\u00f3n cl\u00ednica en Miami \/ Hialeah, FL","publisher":{"@id":"https:\/\/cpmiclinical.com\/#organization"},"potentialAction":[{"@type":"SearchAction","target":{"@type":"EntryPoint","urlTemplate":"https:\/\/cpmiclinical.com\/?s={search_term_string}"},"query-input":{"@type":"PropertyValueSpecification","valueRequired":true,"valueName":"search_term_string"}}],"inLanguage":"es"},{"@type":"Organization","@id":"https:\/\/cpmiclinical.com\/#organization","name":"Clinical Pharmacology of Miami","url":"https:\/\/cpmiclinical.com\/","logo":{"@type":"ImageObject","inLanguage":"es","@id":"https:\/\/cpmiclinical.com\/#\/schema\/logo\/image\/","url":"https:\/\/cpmiclinical.com\/wp-content\/uploads\/2026\/02\/CPMI-Blue-Logo-copy.webp","contentUrl":"https:\/\/cpmiclinical.com\/wp-content\/uploads\/2026\/02\/CPMI-Blue-Logo-copy.webp","width":150,"height":134,"caption":"Clinical Pharmacology of Miami"},"image":{"@id":"https:\/\/cpmiclinical.com\/#\/schema\/logo\/image\/"}}]}},"_links":{"self":[{"href":"https:\/\/cpmiclinical.com\/es\/wp-json\/wp\/v2\/pages\/98","targetHints":{"allow":["GET"]}}],"collection":[{"href":"https:\/\/cpmiclinical.com\/es\/wp-json\/wp\/v2\/pages"}],"about":[{"href":"https:\/\/cpmiclinical.com\/es\/wp-json\/wp\/v2\/types\/page"}],"author":[{"embeddable":true,"href":"https:\/\/cpmiclinical.com\/es\/wp-json\/wp\/v2\/users\/1"}],"replies":[{"embeddable":true,"href":"https:\/\/cpmiclinical.com\/es\/wp-json\/wp\/v2\/comments?post=98"}],"version-history":[{"count":0,"href":"https:\/\/cpmiclinical.com\/es\/wp-json\/wp\/v2\/pages\/98\/revisions"}],"up":[{"embeddable":true,"href":"https:\/\/cpmiclinical.com\/es\/wp-json\/wp\/v2\/pages\/17"}],"wp:attachment":[{"href":"https:\/\/cpmiclinical.com\/es\/wp-json\/wp\/v2\/media?parent=98"}],"curies":[{"name":"gracias","href":"https:\/\/api.w.org\/{rel}","templated":true}]}}